{"id":219,"date":"2026-05-01T15:59:50","date_gmt":"2026-05-01T15:59:50","guid":{"rendered":"https:\/\/stretchtheskies.com\/?page_id=219"},"modified":"2026-05-01T16:02:40","modified_gmt":"2026-05-01T16:02:40","slug":"thank-you-cooling-heating-pl","status":"publish","type":"page","link":"https:\/\/stretchtheskies.com\/index.php\/thank-you-cooling-heating-pl\/","title":{"rendered":"Thank you Cooling &amp; Heating PL"},"content":{"rendered":"\t\t<div data-elementor-type=\"wp-page\" data-elementor-id=\"219\" class=\"elementor elementor-219\" data-elementor-post-type=\"page\">\n\t\t\t\t<div class=\"elementor-element elementor-element-42b142b e-flex e-con-boxed e-con e-parent\" data-id=\"42b142b\" data-element_type=\"container\" data-e-type=\"container\" data-settings=\"{&quot;background_background&quot;:&quot;classic&quot;}\">\n\t\t\t\t\t<div class=\"e-con-inner\">\n\t\t\t\t<div class=\"elementor-element elementor-element-a19f444 elementor-widget elementor-widget-heading\" data-id=\"a19f444\" data-element_type=\"widget\" data-e-type=\"widget\" data-widget_type=\"heading.default\">\n\t\t\t\t\t<h2 class=\"elementor-heading-title elementor-size-default\">A\u010cI\u016a U\u017d J\u016aS\u0172 U\u017dSAKYM\u0104!<\/h2>\t\t\t\t<\/div>\n\t\t\t\t\t<\/div>\n\t\t\t\t<\/div>\n\t\t<div class=\"elementor-element elementor-element-30be7de e-flex e-con-boxed e-con e-parent\" data-id=\"30be7de\" data-element_type=\"container\" data-e-type=\"container\">\n\t\t\t\t\t<div class=\"e-con-inner\">\n\t\t\t\t<div class=\"elementor-element elementor-element-874bc67 elementor-widget elementor-widget-html\" data-id=\"874bc67\" data-element_type=\"widget\" data-e-type=\"widget\" data-widget_type=\"html.default\">\n\t\t\t\t\t<!-- Event snippet for EPE - conversion 2 conversion page -->\n<script>\n  gtag('event', 'conversion', {\n      'send_to': 'AW-18123165671\/JcC9CInL-6QcEOef5sFD',\n      'value': 19.0,\n      'currency': 'USD',\n      'transaction_id': ''\n      \/\/ 'new_customer': true \/* calculate dynamically, populate with true\/false *\/,\n  });\n<\/script>\t\t\t\t<\/div>\n\t\t\t\t<div class=\"elementor-element elementor-element-3b104fb elementor-view-default elementor-widget elementor-widget-icon\" data-id=\"3b104fb\" data-element_type=\"widget\" data-e-type=\"widget\" data-widget_type=\"icon.default\">\n\t\t\t\t\t\t\t<div class=\"elementor-icon-wrapper\">\n\t\t\t<div class=\"elementor-icon\">\n\t\t\t<svg aria-hidden=\"true\" class=\"e-font-icon-svg e-fas-check-circle\" viewBox=\"0 0 512 512\" xmlns=\"http:\/\/www.w3.org\/2000\/svg\"><path d=\"M504 256c0 136.967-111.033 248-248 248S8 392.967 8 256 119.033 8 256 8s248 111.033 248 248zM227.314 387.314l184-184c6.248-6.248 6.248-16.379 0-22.627l-22.627-22.627c-6.248-6.249-16.379-6.249-22.628 0L216 308.118l-70.059-70.059c-6.248-6.248-16.379-6.248-22.628 0l-22.627 22.627c-6.248 6.248-6.248 16.379 0 22.627l104 104c6.249 6.249 16.379 6.249 22.628.001z\"><\/path><\/svg>\t\t\t<\/div>\n\t\t<\/div>\n\t\t\t\t\t\t<\/div>\n\t\t\t\t<div class=\"elementor-element elementor-element-3d9363c elementor-widget elementor-widget-heading\" data-id=\"3d9363c\" data-element_type=\"widget\" data-e-type=\"widget\" data-widget_type=\"heading.default\">\n\t\t\t\t\t<h2 class=\"elementor-heading-title elementor-size-default\">A\u010di\u016b u\u017e j\u016bs\u0173 u\u017esakym\u0105!<\/h2>\t\t\t\t<\/div>\n\t\t\t\t<div class=\"elementor-element elementor-element-7d7332e elementor-widget elementor-widget-heading\" data-id=\"7d7332e\" data-element_type=\"widget\" data-e-type=\"widget\" data-widget_type=\"heading.default\">\n\t\t\t\t\t<h2 class=\"elementor-heading-title elementor-size-default\">Netrukus su jumis susisieksime, kad patvirtintume u\u017esakym\u0105 arba atsakytume \u012f j\u016bs\u0173 klausimus.<\/h2>\t\t\t\t<\/div>\n\t\t\t\t\t<\/div>\n\t\t\t\t<\/div>\n\t\t<div class=\"elementor-element elementor-element-fdfdba6 e-flex e-con-boxed e-con e-parent\" data-id=\"fdfdba6\" data-element_type=\"container\" data-e-type=\"container\" data-settings=\"{&quot;background_background&quot;:&quot;classic&quot;}\">\n\t\t\t\t\t<div class=\"e-con-inner\">\n\t\t<div class=\"elementor-element elementor-element-ac59fd5 e-con-full e-flex e-con e-child\" data-id=\"ac59fd5\" data-element_type=\"container\" data-e-type=\"container\">\n\t\t\t\t<div class=\"elementor-element elementor-element-c8a213b elementor-widget elementor-widget-image\" data-id=\"c8a213b\" data-element_type=\"widget\" data-e-type=\"widget\" data-widget_type=\"image.default\">\n\t\t\t\t\t\t\t\t\t\t\t\t\t\t\t\t<a href=\"https:\/\/stretchtheskies.com\/\">\n\t\t\t\t\t\t\t<img fetchpriority=\"high\" decoding=\"async\" width=\"1536\" height=\"1024\" src=\"https:\/\/stretchtheskies.com\/wp-content\/uploads\/2026\/04\/ChatGPT-Image-29-apr-2026-13_05_21.png\" class=\"attachment-1536x1536 size-1536x1536 wp-image-35\" alt=\"\" srcset=\"https:\/\/stretchtheskies.com\/wp-content\/uploads\/2026\/04\/ChatGPT-Image-29-apr-2026-13_05_21.png 1536w, https:\/\/stretchtheskies.com\/wp-content\/uploads\/2026\/04\/ChatGPT-Image-29-apr-2026-13_05_21-300x200.png 300w, https:\/\/stretchtheskies.com\/wp-content\/uploads\/2026\/04\/ChatGPT-Image-29-apr-2026-13_05_21-1024x683.png 1024w, https:\/\/stretchtheskies.com\/wp-content\/uploads\/2026\/04\/ChatGPT-Image-29-apr-2026-13_05_21-768x512.png 768w\" sizes=\"(max-width: 1536px) 100vw, 1536px\" \/>\t\t\t\t\t\t\t\t<\/a>\n\t\t\t\t\t\t\t\t\t\t\t\t\t\t\t<\/div>\n\t\t\t\t<div class=\"elementor-element elementor-element-6b24fc9 elementor-widget elementor-widget-text-editor\" data-id=\"6b24fc9\" data-element_type=\"widget\" data-e-type=\"widget\" data-widget_type=\"text-editor.default\">\n\t\t\t\t\t\t\t\t\t<p>We provide a trusted and user-friendly online shopping experience, bringing practical products into everyday life.<\/p><p><strong>EASY PEASY GROUP LIMITED <\/strong><br \/><strong>FLAT\/RM A 15\/F Goldfield Industrial Building, 144 to 150 Tai Lin Pai Road, <\/strong><br \/><strong>Kwai Chung, Hong Kong<\/strong><\/p><p>\u00a9 2026 &#8211; stretchtheskies.com<strong><br \/><\/strong><\/p>\t\t\t\t\t\t\t\t<\/div>\n\t\t\t\t<\/div>\n\t\t<div class=\"elementor-element elementor-element-9978b40 e-con-full e-flex e-con e-child\" data-id=\"9978b40\" data-element_type=\"container\" data-e-type=\"container\">\n\t\t\t\t<div class=\"elementor-element elementor-element-a9b416f elementor-widget elementor-widget-heading\" data-id=\"a9b416f\" data-element_type=\"widget\" data-e-type=\"widget\" data-widget_type=\"heading.default\">\n\t\t\t\t\t<h2 class=\"elementor-heading-title elementor-size-default\">Terms &amp; Conditions<\/h2>\t\t\t\t<\/div>\n\t\t\t\t<div class=\"elementor-element elementor-element-bc1ad75 elementor-icon-list--layout-traditional elementor-list-item-link-full_width elementor-widget elementor-widget-icon-list\" data-id=\"bc1ad75\" data-element_type=\"widget\" data-e-type=\"widget\" data-widget_type=\"icon-list.default\">\n\t\t\t\t\t\t\t<ul class=\"elementor-icon-list-items\">\n\t\t\t\t\t\t\t<li class=\"elementor-icon-list-item\">\n\t\t\t\t\t\t\t\t\t\t\t<a href=\"https:\/\/stretchtheskies.com\/index.php\/home-page\/\">\n\n\t\t\t\t\t\t\t\t\t\t\t<span class=\"elementor-icon-list-text\">Homepage<\/span>\n\t\t\t\t\t\t\t\t\t\t\t<\/a>\n\t\t\t\t\t\t\t\t\t<\/li>\n\t\t\t\t\t\t\t\t<li class=\"elementor-icon-list-item\">\n\t\t\t\t\t\t\t\t\t\t\t<a href=\"https:\/\/stretchtheskies.com\/index.php\/privacy-policy-2\">\n\n\t\t\t\t\t\t\t\t\t\t\t<span class=\"elementor-icon-list-text\">Privacy Policy<\/span>\n\t\t\t\t\t\t\t\t\t\t\t<\/a>\n\t\t\t\t\t\t\t\t\t<\/li>\n\t\t\t\t\t\t\t\t<li class=\"elementor-icon-list-item\">\n\t\t\t\t\t\t\t\t\t\t\t<a href=\"https:\/\/stretchtheskies.com\/index.php\/privacy-policy-2\">\n\n\t\t\t\t\t\t\t\t\t\t\t<span class=\"elementor-icon-list-text\">Cookie Policy<\/span>\n\t\t\t\t\t\t\t\t\t\t\t<\/a>\n\t\t\t\t\t\t\t\t\t<\/li>\n\t\t\t\t\t\t\t\t<li class=\"elementor-icon-list-item\">\n\t\t\t\t\t\t\t\t\t\t\t<a href=\"https:\/\/stretchtheskies.com\/index.php\/terms-and-conditions\/\">\n\n\t\t\t\t\t\t\t\t\t\t\t<span class=\"elementor-icon-list-text\">Terms &amp; Condition<\/span>\n\t\t\t\t\t\t\t\t\t\t\t<\/a>\n\t\t\t\t\t\t\t\t\t<\/li>\n\t\t\t\t\t\t\t\t<li class=\"elementor-icon-list-item\">\n\t\t\t\t\t\t\t\t\t\t\t<a href=\"https:\/\/stretchtheskies.com\/index.php\/contact-us\/\">\n\n\t\t\t\t\t\t\t\t\t\t\t<span class=\"elementor-icon-list-text\">Contact Us<\/span>\n\t\t\t\t\t\t\t\t\t\t\t<\/a>\n\t\t\t\t\t\t\t\t\t<\/li>\n\t\t\t\t\t\t<\/ul>\n\t\t\t\t\t\t<\/div>\n\t\t\t\t<\/div>\n\t\t<div class=\"elementor-element elementor-element-2f5bacc e-con-full e-flex e-con e-child\" data-id=\"2f5bacc\" data-element_type=\"container\" data-e-type=\"container\">\n\t\t\t\t<div class=\"elementor-element elementor-element-ef4ab50 elementor-widget elementor-widget-heading\" data-id=\"ef4ab50\" data-element_type=\"widget\" data-e-type=\"widget\" data-widget_type=\"heading.default\">\n\t\t\t\t\t<h2 class=\"elementor-heading-title elementor-size-default\">Documentation<\/h2>\t\t\t\t<\/div>\n\t\t\t\t<div class=\"elementor-element elementor-element-c5f5f9b elementor-icon-list--layout-traditional elementor-list-item-link-full_width elementor-widget elementor-widget-icon-list\" data-id=\"c5f5f9b\" data-element_type=\"widget\" data-e-type=\"widget\" data-widget_type=\"icon-list.default\">\n\t\t\t\t\t\t\t<ul class=\"elementor-icon-list-items\">\n\t\t\t\t\t\t\t<li class=\"elementor-icon-list-item\">\n\t\t\t\t\t\t\t\t\t\t\t<a href=\"https:\/\/stretchtheskies.com\/index.php\/shipping-policy\/\">\n\n\t\t\t\t\t\t\t\t\t\t\t<span class=\"elementor-icon-list-text\">Shipping Policy<\/span>\n\t\t\t\t\t\t\t\t\t\t\t<\/a>\n\t\t\t\t\t\t\t\t\t<\/li>\n\t\t\t\t\t\t\t\t<li class=\"elementor-icon-list-item\">\n\t\t\t\t\t\t\t\t\t\t\t<a href=\"https:\/\/stretchtheskies.com\/index.php\/refund-policy\/\">\n\n\t\t\t\t\t\t\t\t\t\t\t<span class=\"elementor-icon-list-text\">Refund Policy<\/span>\n\t\t\t\t\t\t\t\t\t\t\t<\/a>\n\t\t\t\t\t\t\t\t\t<\/li>\n\t\t\t\t\t\t\t\t<li class=\"elementor-icon-list-item\">\n\t\t\t\t\t\t\t\t\t\t\t<a href=\"https:\/\/stretchtheskies.com\/index.php\/about-us\">\n\n\t\t\t\t\t\t\t\t\t\t\t<span class=\"elementor-icon-list-text\">About Us<\/span>\n\t\t\t\t\t\t\t\t\t\t\t<\/a>\n\t\t\t\t\t\t\t\t\t<\/li>\n\t\t\t\t\t\t<\/ul>\n\t\t\t\t\t\t<\/div>\n\t\t\t\t<\/div>\n\t\t\t\t\t<\/div>\n\t\t\t\t<\/div>\n\t\t\t\t<\/div>\n\t\t","protected":false},"excerpt":{"rendered":"<p>A\u010cI\u016a U\u017d J\u016aS\u0172 U\u017dSAKYM\u0104! A\u010di\u016b u\u017e j\u016bs\u0173 u\u017esakym\u0105! Netrukus su jumis susisieksime, kad patvirtintume u\u017esakym\u0105 arba atsakytume \u012f j\u016bs\u0173 klausimus. We provide a trusted and user-friendly online shopping experience, bringing practical products into everyday life. EASY PEASY GROUP LIMITED FLAT\/RM A 15\/F Goldfield Industrial Building, 144 to 150 Tai Lin Pai Road, Kwai Chung, Hong [&hellip;]<\/p>\n","protected":false},"author":1,"featured_media":0,"parent":0,"menu_order":0,"comment_status":"closed","ping_status":"closed","template":"elementor_canvas","meta":{"footnotes":""},"class_list":["post-219","page","type-page","status-publish","hentry"],"_links":{"self":[{"href":"https:\/\/stretchtheskies.com\/index.php\/wp-json\/wp\/v2\/pages\/219","targetHints":{"allow":["GET"]}}],"collection":[{"href":"https:\/\/stretchtheskies.com\/index.php\/wp-json\/wp\/v2\/pages"}],"about":[{"href":"https:\/\/stretchtheskies.com\/index.php\/wp-json\/wp\/v2\/types\/page"}],"author":[{"embeddable":true,"href":"https:\/\/stretchtheskies.com\/index.php\/wp-json\/wp\/v2\/users\/1"}],"replies":[{"embeddable":true,"href":"https:\/\/stretchtheskies.com\/index.php\/wp-json\/wp\/v2\/comments?post=219"}],"version-history":[{"count":10,"href":"https:\/\/stretchtheskies.com\/index.php\/wp-json\/wp\/v2\/pages\/219\/revisions"}],"predecessor-version":[{"id":229,"href":"https:\/\/stretchtheskies.com\/index.php\/wp-json\/wp\/v2\/pages\/219\/revisions\/229"}],"wp:attachment":[{"href":"https:\/\/stretchtheskies.com\/index.php\/wp-json\/wp\/v2\/media?parent=219"}],"curies":[{"name":"wp","href":"https:\/\/api.w.org\/{rel}","templated":true}]}}