{"id":684,"date":"2026-05-13T12:48:33","date_gmt":"2026-05-13T12:48:33","guid":{"rendered":"https:\/\/stretchtheskies.com\/?page_id=684"},"modified":"2026-05-13T12:49:49","modified_gmt":"2026-05-13T12:49:49","slug":"thank-you-bed-topper-lt","status":"publish","type":"page","link":"https:\/\/stretchtheskies.com\/index.php\/thank-you-bed-topper-lt\/","title":{"rendered":"Thank you Bed Topper LT"},"content":{"rendered":"\t\t<div data-elementor-type=\"wp-page\" data-elementor-id=\"684\" class=\"elementor elementor-684\" data-elementor-post-type=\"page\">\n\t\t\t\t<div class=\"elementor-element elementor-element-7e7f3824 e-flex e-con-boxed e-con e-parent\" data-id=\"7e7f3824\" data-element_type=\"container\" data-e-type=\"container\">\n\t\t\t\t\t<div class=\"e-con-inner\">\n\t\t\t\t<div class=\"elementor-element elementor-element-51f45c64 elementor-widget elementor-widget-html\" data-id=\"51f45c64\" data-element_type=\"widget\" data-e-type=\"widget\" data-widget_type=\"html.default\">\n\t\t\t\t\t<!-- Event snippet for EPE - conversion 2 conversion page -->\n<script>\n  gtag('event', 'conversion', {\n      'send_to': 'AW-18123165671\/JcC9CInL-6QcEOef5sFD',\n      'value': 18.0,\n      'currency': 'USD',\n      'transaction_id': ''\n      \/\/ 'new_customer': true \/* calculate dynamically, populate with true\/false *\/,\n  });\n<\/script>\t\t\t\t<\/div>\n\t\t\t\t\t<\/div>\n\t\t\t\t<\/div>\n\t\t<div class=\"elementor-element elementor-element-52b81a3c e-flex e-con-boxed e-con e-parent\" data-id=\"52b81a3c\" data-element_type=\"container\" data-e-type=\"container\">\n\t\t\t\t\t<div class=\"e-con-inner\">\n\t\t\t\t<div class=\"elementor-element elementor-element-f39ede4 elementor-widget elementor-widget-html\" data-id=\"f39ede4\" data-element_type=\"widget\" data-e-type=\"widget\" data-widget_type=\"html.default\">\n\t\t\t\t\t<html lang=\"lt-LT\">\r\n<head>\r\n    <style data-rc-order=\"prepend\" rc-util-key=\"@ant-design-icons\">\r\n        .anticon {\r\n            display: inline-block;\r\n            color: inherit;\r\n            font-style: normal;\r\n            line-height: 0;\r\n            text-align: center;\r\n            text-transform: none;\r\n            vertical-align: -0.125em;\r\n            text-rendering: optimizeLegibility;\r\n            -webkit-font-smoothing: antialiased;\r\n            -moz-osx-font-smoothing: grayscale;\r\n        }\r\n        .anticon > * { line-height: 1; }\r\n        .anticon svg { display: inline-block; }\r\n        .anticon::before { display: none; }\r\n        .anticon .anticon-icon { display: block; }\r\n        .anticon[tabindex] { cursor: pointer; }\r\n        .anticon-spin::before, .anticon-spin {\r\n            display: inline-block;\r\n            -webkit-animation: loadingCircle 1s infinite linear;\r\n            animation: loadingCircle 1s infinite linear;\r\n        }\r\n        @-webkit-keyframes loadingCircle { 100% { -webkit-transform: rotate(360deg); transform: rotate(360deg); } }\r\n        @keyframes loadingCircle { 100% { -webkit-transform: rotate(360deg); transform: rotate(360deg); } }\r\n    <\/style>\r\n    <meta charset=\"UTF-8\">\r\n    <title>A\u010cI\u016a JUMS \u2013 THERMOFLOW EN \u2013 yesokay-shop.com<\/title>\r\n    <meta name=\"robots\" content=\"max-image-preview:large\">\r\n    <link rel=\"alternate\" type=\"application\/rss+xml\" title=\"yesokay-shop.com \u00bb Feed\" href=\"https:\/\/yesokay-shop.com\/feed\/\">\r\n    <link rel=\"alternate\" type=\"application\/rss+xml\" title=\"yesokay-shop.com \u00bb Comments Feed\" href=\"https:\/\/yesokay-shop.com\/comments\/feed\/\">\r\n\r\n    <style id=\"wp-img-auto-sizes-contain-inline-css\">\r\n        img:is([sizes=auto i],[sizes^=\"auto,\" i]){contain-intrinsic-size:3000px 1500px}\r\n    <\/style>\r\n\r\n    <style id=\"wp-emoji-styles-inline-css\">\r\n        img.wp-smiley, img.emoji {\r\n            display: inline !important;\r\n            border: none !important;\r\n            box-shadow: none !important;\r\n            height: 1em !important;\r\n            width: 1em !important;\r\n            margin: 0 0.07em !important;\r\n            vertical-align: -0.1em !important;\r\n            background: none !important;\r\n            padding: 0 !important;\r\n        }\r\n    <\/style>\r\n    <link rel=\"stylesheet\" id=\"hello-elementor-css\" href=\"https:\/\/yesokay-shop.com\/wp-content\/themes\/hello-elementor\/assets\/css\/reset.css?ver=3.4.5\" media=\"all\">\r\n    <link rel=\"stylesheet\" id=\"hello-elementor-theme-style-css\" href=\"https:\/\/yesokay-shop.com\/wp-content\/themes\/hello-elementor\/assets\/css\/theme.css?ver=3.4.5\" media=\"all\">\r\n    <link rel=\"stylesheet\" id=\"hello-elementor-header-footer-css\" href=\"https:\/\/yesokay-shop.com\/wp-content\/themes\/hello-elementor\/assets\/css\/header-footer.css?ver=3.4.5\" media=\"all\">\r\n    <link rel=\"stylesheet\" id=\"elementor-frontend-css\" href=\"https:\/\/yesokay-shop.com\/wp-content\/plugins\/elementor\/assets\/css\/frontend.min.css?ver=3.32.1\" media=\"all\">\r\n    <link rel=\"stylesheet\" id=\"elementor-post-6-css\" href=\"https:\/\/yesokay-shop.com\/wp-content\/uploads\/elementor\/css\/post-6.css?ver=1773275227\" media=\"all\">\r\n    <link rel=\"stylesheet\" id=\"widget-image-css\" href=\"https:\/\/yesokay-shop.com\/wp-content\/plugins\/elementor\/assets\/css\/widget-image.min.css?ver=3.32.1\" media=\"all\">\r\n    <link rel=\"stylesheet\" id=\"widget-heading-css\" href=\"https:\/\/yesokay-shop.com\/wp-content\/plugins\/elementor\/assets\/css\/widget-heading.min.css?ver=3.32.1\" media=\"all\">\r\n    <link rel=\"stylesheet\" id=\"widget-icon-list-css\" href=\"https:\/\/yesokay-shop.com\/wp-content\/plugins\/elementor\/assets\/css\/widget-icon-list.min.css?ver=3.32.1\" media=\"all\">\r\n    <link rel=\"stylesheet\" id=\"elementor-post-1782-css\" href=\"https:\/\/yesokay-shop.com\/wp-content\/uploads\/elementor\/css\/post-1782.css?ver=1773480354\" media=\"all\">\r\n    <link rel=\"stylesheet\" id=\"elementor-gf-roboto-css\" href=\"https:\/\/fonts.googleapis.com\/css?family=Roboto:100,100italic,200,200italic,300,300italic,400,400italic,500,500italic,600,600italic,700,700italic,800,800italic,900,900italic&amp;display=swap\" media=\"all\">\r\n    <link rel=\"stylesheet\" id=\"elementor-gf-montserrat-css\" href=\"https:\/\/fonts.googleapis.com\/css?family=Montserrat:100,100italic,200,200italic,300,300italic,400,400italic,500,500italic,600,600italic,700,700italic,800,800italic,900,900italic&amp;display=swap\" media=\"all\">\r\n\r\n    <script async=\"\" src=\"https:\/\/www.googletagmanager.com\/gtag\/js?id=AW-11478053148\"><\/script>\r\n    <script>\r\n        window.dataLayer = window.dataLayer || [];\r\n        function gtag(){dataLayer.push(arguments);}\r\n        gtag('js', new Date());\r\n        gtag('config', 'AW-11478053148');\r\n    <\/script>\r\n\r\n    <meta name=\"viewport\" content=\"width=device-width, initial-scale=1.0, viewport-fit=cover\">\r\n<\/head>\r\n<body class=\"wp-singular page-template page-template-elementor_canvas page page-id-1782 wp-embed-responsive wp-theme-hello-elementor hello-elementor-default elementor-default elementor-template-canvas elementor-kit-6 elementor-page elementor-page-1782 e--ua-blink e--ua-chrome e--ua-mac e--ua-webkit\">\r\n    <div data-elementor-type=\"wp-page\" data-elementor-id=\"1782\" class=\"elementor elementor-1782\" data-elementor-post-type=\"page\">\r\n        <div class=\"elementor-element elementor-element-f1bc58b e-flex e-con-boxed e-con e-parent e-lazyloaded\" data-id=\"f1bc58b\" data-element_type=\"container\">\r\n            <div class=\"e-con-inner\">\r\n                <div class=\"elementor-element elementor-element-ee44a02 elementor-widget elementor-widget-html\" data-id=\"ee44a02\" data-element_type=\"widget\" data-widget_type=\"html.default\">\r\n                    <script>\r\n                        gtag('event', 'conversion', {\r\n                            'send_to': 'AW-11478053148\/GVvjCIvvw54bEJzilOEq',\r\n                            'value': 21.0,\r\n                            'currency': 'EUR',\r\n                            'transaction_id': ''\r\n                        });\r\n                    <\/script>\r\n                <\/div>\r\n                <div class=\"elementor-element elementor-element-afe215b elementor-widget elementor-widget-html\" data-id=\"afe215b\" data-element_type=\"widget\" data-widget_type=\"html.default\">\r\n                    <section style=\"max-width:620px; margin:40px auto; font-family:'Montserrat',sans-serif; background:#ffffff; border-radius:16px; overflow:hidden; box-shadow:0 6px 28px rgba(0,0,0,0.08); border:1px solid #e2e8f0;\">\r\n                        <div style=\"padding:28px 24px 0; text-align:center;\">\r\n                            <div style=\"display:inline-flex; align-items:center; justify-content:center; background:#f0fdf4; border:2px solid #86efac; border-radius:50%; width:64px; height:64px; font-size:28px; margin-bottom:14px;\"><img decoding=\"async\" draggable=\"false\" role=\"img\" class=\"emoji\" alt=\"\u2705\" src=\"https:\/\/s.w.org\/images\/core\/emoji\/17.0.2\/svg\/2705.svg\"><\/div>\r\n                            <h1 style=\"font-size:clamp(20px,5vw,24px); font-weight:900; color:#0f172a; margin:0 0 10px; line-height:1.2;\">J\u016bs\u0173 u\u017esakymas s\u0117kmingai u\u017eregistruotas!<\/h1>\r\n                            <p style=\"font-size:15px; color:#475569; font-weight:500; margin:0 0 20px; line-height:1.7; max-width:480px; margin-left:auto; margin-right:auto;\">\r\n                                Puiku \u2014 j\u016bs\u0173 u\u017esakymas jau apdorojamas. Liko tik <strong style=\"color:#0f172a;\">keli \u017eingsniai<\/strong> iki jo patvirtinimo, kad gal\u0117tume prad\u0117ti siuntim\u0105.\r\n                            <\/p>\r\n                            <img decoding=\"async\" src=\"https:\/\/yesokay-shop.com\/wp-content\/uploads\/2025\/09\/TRAVIS-2.webp\" alt=\"U\u017esakymo patvirtinimas\" style=\"width:100%; max-width:480px; border-radius:12px; margin-bottom:24px; display:block; margin-left:auto; margin-right:auto;\">\r\n                        <\/div>\r\n\r\n                        <div style=\"margin:0 20px 20px; background:#fefce8; border:2px solid #fde047; border-radius:14px; padding:22px 20px; text-align:center;\">\r\n                            <p style=\"font-size:12px; font-weight:800; color:#854d0e; text-transform:uppercase; letter-spacing:1px; margin:0 0 8px;\"><img decoding=\"async\" draggable=\"false\" role=\"img\" class=\"emoji\" alt=\"\ud83d\udc47\" src=\"https:\/\/s.w.org\/images\/core\/emoji\/17.0.2\/svg\/1f447.svg\"> K\u0105 dabar turite padaryti<\/p>\r\n                            <p style=\"font-size:20px; font-weight:900; color:#0f172a; margin:0 0 6px; line-height:1.2;\"><img decoding=\"async\" draggable=\"false\" role=\"img\" class=\"emoji\" alt=\"\ud83d\udcde\" src=\"https:\/\/s.w.org\/images\/core\/emoji\/17.0.2\/svg\/1f4de.svg\"> Atsakykite \u012f patvirtinimo skambut\u012f<\/p>\r\n                            <p style=\"font-size:14px; color:#64748b; font-weight:600; margin:0; line-height:1.6;\">\r\n                                Vienas i\u0161 m\u016bs\u0173 agent\u0173 susisieks su jumis <strong style=\"color:#0f172a;\">per artimiausias kelias valandas<\/strong>, kad patvirtint\u0173 j\u016bs\u0173 u\u017esakymo detales.<br>\r\n                                <span style=\"color:#dc2626; font-weight:700;\">D\u0117mesio: jei neatsakysite \u012f skambut\u012f, u\u017esakymas bus automati\u0161kai at\u0161auktas.<\/span>\r\n                            <\/p>\r\n                        <\/div>\r\n\r\n                        <div style=\"margin:0 20px 20px; display:flex; gap:12px; align-items:center; background:#f8fafc; border:1px solid #e2e8f0; border-radius:12px; padding:16px 18px;\">\r\n                            <span style=\"font-size:24px; flex-shrink:0;\"><img decoding=\"async\" draggable=\"false\" role=\"img\" class=\"emoji\" alt=\"\ud83d\udd58\" src=\"https:\/\/s.w.org\/images\/core\/emoji\/17.0.2\/svg\/1f558.svg\"><\/span>\r\n                            <div>\r\n                                <p style=\"margin:0 0 2px; font-size:12px; font-weight:800; color:#475569; text-transform:uppercase; letter-spacing:0.8px;\">Klient\u0173 aptarnavimo centro darbo laikas<\/p>\r\n                                <p style=\"margin:0; font-size:14px; font-weight:700; color:#0f172a;\">Pirmadienis \u2013 \u0160e\u0161tadienis &nbsp;\u00b7&nbsp; 9:00 \u2013 18:00<\/p>\r\n                            <\/div>\r\n                        <\/div>\r\n\r\n                        <div style=\"margin:0 20px 20px; border:1px solid #e2e8f0; border-radius:12px; overflow:hidden;\">\r\n                            <div style=\"background:#f8fafc; padding:11px 18px; border-bottom:1px solid #e2e8f0;\">\r\n                                <span style=\"font-size:12px; font-weight:800; color:#475569; text-transform:uppercase; letter-spacing:0.8px;\"><img decoding=\"async\" draggable=\"false\" role=\"img\" class=\"emoji\" alt=\"\ud83d\udce6\" src=\"https:\/\/s.w.org\/images\/core\/emoji\/17.0.2\/svg\/1f4e6.svg\"> Tolimesni \u017eingsniai<\/span>\r\n                            <\/div>\r\n                            <ul style=\"list-style:none; padding:0; margin:0; font-size:14px; font-weight:600; color:#0f172a;\">\r\n                                <li style=\"padding:13px 18px; border-bottom:1px solid #f1f5f9; display:flex; gap:11px; align-items:flex-start;\">\r\n                                    <span style=\"flex-shrink:0; color:#16a34a; font-weight:900;\">1.<\/span>\r\n                                    <span>Priimkite skambut\u012f ir <strong>patvirtinkite pristatymo duomenis<\/strong><\/span>\r\n                                <\/li>\r\n                                <li style=\"padding:13px 18px; border-bottom:1px solid #f1f5f9; display:flex; gap:11px; align-items:flex-start;\">\r\n                                    <span style=\"flex-shrink:0; color:#16a34a; font-weight:900;\">2.<\/span>\r\n                                    <span>J\u016bs\u0173 siunta bus pristatyta per <strong>24\u201348 valandas<\/strong><\/span>\r\n                                <\/li>\r\n                                <li style=\"padding:13px 18px; display:flex; gap:11px; align-items:flex-start;\">\r\n                                    <span style=\"flex-shrink:0; color:#16a34a; font-weight:900;\">3.<\/span>\r\n                                    <span>Pristatymas j\u016bs\u0173 adresu ir <strong>apmok\u0117jimas grynaisiais pristatymo metu<\/strong><\/span>\r\n                                <\/li>\r\n                            <\/ul>\r\n                        <\/div>\r\n\r\n                        <div style=\"margin:0 20px 24px; display:flex; flex-wrap:wrap; justify-content:center; gap:8px; font-size:12px; font-weight:700; color:#475569;\">\r\n                            <span style=\"background:#f1f5f9; border-radius:99px; padding:6px 12px;\"><img decoding=\"async\" draggable=\"false\" role=\"img\" class=\"emoji\" alt=\"\ud83d\udd12\" src=\"https:\/\/s.w.org\/images\/core\/emoji\/17.0.2\/svg\/1f512.svg\"> Apmok\u0117jimas pristatymo metu<\/span>\r\n                            <span style=\"background:#f1f5f9; border-radius:99px; padding:6px 12px;\"><img decoding=\"async\" draggable=\"false\" role=\"img\" class=\"emoji\" alt=\"\ud83d\udee1\ufe0f\" src=\"https:\/\/s.w.org\/images\/core\/emoji\/17.0.2\/svg\/1f6e1.svg\"> 2 met\u0173 garantija<\/span>\r\n                            <span style=\"background:#f1f5f9; border-radius:99px; padding:6px 12px;\"><img decoding=\"async\" draggable=\"false\" role=\"img\" class=\"emoji\" alt=\"\ud83d\udd10\" src=\"https:\/\/s.w.org\/images\/core\/emoji\/17.0.2\/svg\/1f510.svg\"> SSL saug\u016bs duomenys<\/span>\r\n                        <\/div>\r\n                    <\/section>\r\n                <\/div>\r\n            <\/div>\r\n        <\/div>\r\n    <\/div>\r\n<\/body>\r\n<\/html>\t\t\t\t<\/div>\n\t\t\t\t\t<\/div>\n\t\t\t\t<\/div>\n\t\t<div class=\"elementor-element elementor-element-e9e92c8 e-flex e-con-boxed e-con e-parent\" data-id=\"e9e92c8\" data-element_type=\"container\" data-e-type=\"container\" data-settings=\"{&quot;background_background&quot;:&quot;classic&quot;}\">\n\t\t\t\t\t<div class=\"e-con-inner\">\n\t\t<div class=\"elementor-element elementor-element-c2f661a e-con-full e-flex e-con e-child\" data-id=\"c2f661a\" data-element_type=\"container\" data-e-type=\"container\">\n\t\t\t\t<div class=\"elementor-element elementor-element-2cb957a elementor-widget elementor-widget-image\" data-id=\"2cb957a\" data-element_type=\"widget\" data-e-type=\"widget\" data-widget_type=\"image.default\">\n\t\t\t\t\t\t\t\t\t\t\t\t\t\t\t\t<a href=\"https:\/\/stretchtheskies.com\/\">\n\t\t\t\t\t\t\t<img fetchpriority=\"high\" decoding=\"async\" width=\"1536\" height=\"1024\" src=\"https:\/\/stretchtheskies.com\/wp-content\/uploads\/2026\/04\/ChatGPT-Image-29-apr-2026-13_05_21.png\" class=\"attachment-1536x1536 size-1536x1536 wp-image-35\" alt=\"\" srcset=\"https:\/\/stretchtheskies.com\/wp-content\/uploads\/2026\/04\/ChatGPT-Image-29-apr-2026-13_05_21.png 1536w, https:\/\/stretchtheskies.com\/wp-content\/uploads\/2026\/04\/ChatGPT-Image-29-apr-2026-13_05_21-300x200.png 300w, https:\/\/stretchtheskies.com\/wp-content\/uploads\/2026\/04\/ChatGPT-Image-29-apr-2026-13_05_21-1024x683.png 1024w, https:\/\/stretchtheskies.com\/wp-content\/uploads\/2026\/04\/ChatGPT-Image-29-apr-2026-13_05_21-768x512.png 768w\" sizes=\"(max-width: 1536px) 100vw, 1536px\" \/>\t\t\t\t\t\t\t\t<\/a>\n\t\t\t\t\t\t\t\t\t\t\t\t\t\t\t<\/div>\n\t\t\t\t<div class=\"elementor-element elementor-element-3fef805 elementor-widget elementor-widget-text-editor\" data-id=\"3fef805\" data-element_type=\"widget\" data-e-type=\"widget\" data-widget_type=\"text-editor.default\">\n\t\t\t\t\t\t\t\t\t<p>We provide a trusted and user-friendly online shopping experience, bringing practical products into everyday life.<\/p><p><strong>EASY PEASY GROUP LIMITED <\/strong><br \/><strong>FLAT\/RM A 15\/F Goldfield Industrial Building, 144 to 150 Tai Lin Pai Road, <\/strong><br \/><strong>Kwai Chung, Hong Kong<\/strong><\/p><p>u00a9 2026 &#8211; stretchtheskies.com<strong><br \/><\/strong><\/p>\t\t\t\t\t\t\t\t<\/div>\n\t\t\t\t<\/div>\n\t\t<div class=\"elementor-element elementor-element-dd08f86 e-con-full e-flex e-con e-child\" data-id=\"dd08f86\" data-element_type=\"container\" data-e-type=\"container\">\n\t\t\t\t<div class=\"elementor-element elementor-element-5a81967 elementor-widget elementor-widget-heading\" data-id=\"5a81967\" data-element_type=\"widget\" data-e-type=\"widget\" data-widget_type=\"heading.default\">\n\t\t\t\t\t<h2 class=\"elementor-heading-title elementor-size-default\">Terms &amp; Conditions<\/h2>\t\t\t\t<\/div>\n\t\t\t\t<div class=\"elementor-element elementor-element-da9538b elementor-icon-list--layout-traditional elementor-list-item-link-full_width elementor-widget elementor-widget-icon-list\" data-id=\"da9538b\" data-element_type=\"widget\" data-e-type=\"widget\" data-widget_type=\"icon-list.default\">\n\t\t\t\t\t\t\t<ul class=\"elementor-icon-list-items\">\n\t\t\t\t\t\t\t<li class=\"elementor-icon-list-item\">\n\t\t\t\t\t\t\t\t\t\t\t<a href=\"https:\/\/stretchtheskies.com\/index.php\/home-page\/\">\n\n\t\t\t\t\t\t\t\t\t\t\t<span class=\"elementor-icon-list-text\">Homepage<\/span>\n\t\t\t\t\t\t\t\t\t\t\t<\/a>\n\t\t\t\t\t\t\t\t\t<\/li>\n\t\t\t\t\t\t\t\t<li class=\"elementor-icon-list-item\">\n\t\t\t\t\t\t\t\t\t\t\t<a href=\"https:\/\/stretchtheskies.com\/index.php\/privacy-policy-2\">\n\n\t\t\t\t\t\t\t\t\t\t\t<span class=\"elementor-icon-list-text\">Privacy Policy<\/span>\n\t\t\t\t\t\t\t\t\t\t\t<\/a>\n\t\t\t\t\t\t\t\t\t<\/li>\n\t\t\t\t\t\t\t\t<li class=\"elementor-icon-list-item\">\n\t\t\t\t\t\t\t\t\t\t\t<a href=\"https:\/\/stretchtheskies.com\/index.php\/privacy-policy-2\">\n\n\t\t\t\t\t\t\t\t\t\t\t<span class=\"elementor-icon-list-text\">Cookie Policy<\/span>\n\t\t\t\t\t\t\t\t\t\t\t<\/a>\n\t\t\t\t\t\t\t\t\t<\/li>\n\t\t\t\t\t\t\t\t<li class=\"elementor-icon-list-item\">\n\t\t\t\t\t\t\t\t\t\t\t<a href=\"https:\/\/stretchtheskies.com\/index.php\/terms-and-conditions\/\">\n\n\t\t\t\t\t\t\t\t\t\t\t<span class=\"elementor-icon-list-text\">Terms &amp; Condition<\/span>\n\t\t\t\t\t\t\t\t\t\t\t<\/a>\n\t\t\t\t\t\t\t\t\t<\/li>\n\t\t\t\t\t\t\t\t<li class=\"elementor-icon-list-item\">\n\t\t\t\t\t\t\t\t\t\t\t<a href=\"https:\/\/stretchtheskies.com\/index.php\/contact-us\/\">\n\n\t\t\t\t\t\t\t\t\t\t\t<span class=\"elementor-icon-list-text\">Contact Us<\/span>\n\t\t\t\t\t\t\t\t\t\t\t<\/a>\n\t\t\t\t\t\t\t\t\t<\/li>\n\t\t\t\t\t\t<\/ul>\n\t\t\t\t\t\t<\/div>\n\t\t\t\t<\/div>\n\t\t<div class=\"elementor-element elementor-element-9948bf5 e-con-full e-flex e-con e-child\" data-id=\"9948bf5\" data-element_type=\"container\" data-e-type=\"container\">\n\t\t\t\t<div class=\"elementor-element elementor-element-6e7c4d2 elementor-widget elementor-widget-heading\" data-id=\"6e7c4d2\" data-element_type=\"widget\" data-e-type=\"widget\" data-widget_type=\"heading.default\">\n\t\t\t\t\t<h2 class=\"elementor-heading-title elementor-size-default\">Documentation<\/h2>\t\t\t\t<\/div>\n\t\t\t\t<div class=\"elementor-element elementor-element-3bdfcea elementor-icon-list--layout-traditional elementor-list-item-link-full_width elementor-widget elementor-widget-icon-list\" data-id=\"3bdfcea\" data-element_type=\"widget\" data-e-type=\"widget\" data-widget_type=\"icon-list.default\">\n\t\t\t\t\t\t\t<ul class=\"elementor-icon-list-items\">\n\t\t\t\t\t\t\t<li class=\"elementor-icon-list-item\">\n\t\t\t\t\t\t\t\t\t\t\t<a href=\"https:\/\/stretchtheskies.com\/index.php\/shipping-policy\/\">\n\n\t\t\t\t\t\t\t\t\t\t\t<span class=\"elementor-icon-list-text\">Shipping Policy<\/span>\n\t\t\t\t\t\t\t\t\t\t\t<\/a>\n\t\t\t\t\t\t\t\t\t<\/li>\n\t\t\t\t\t\t\t\t<li class=\"elementor-icon-list-item\">\n\t\t\t\t\t\t\t\t\t\t\t<a href=\"https:\/\/stretchtheskies.com\/index.php\/refund-policy\/\">\n\n\t\t\t\t\t\t\t\t\t\t\t<span class=\"elementor-icon-list-text\">Refund Policy<\/span>\n\t\t\t\t\t\t\t\t\t\t\t<\/a>\n\t\t\t\t\t\t\t\t\t<\/li>\n\t\t\t\t\t\t\t\t<li class=\"elementor-icon-list-item\">\n\t\t\t\t\t\t\t\t\t\t\t<a href=\"https:\/\/stretchtheskies.com\/index.php\/about-us\">\n\n\t\t\t\t\t\t\t\t\t\t\t<span class=\"elementor-icon-list-text\">About Us<\/span>\n\t\t\t\t\t\t\t\t\t\t\t<\/a>\n\t\t\t\t\t\t\t\t\t<\/li>\n\t\t\t\t\t\t<\/ul>\n\t\t\t\t\t\t<\/div>\n\t\t\t\t<\/div>\n\t\t\t\t\t<\/div>\n\t\t\t\t<\/div>\n\t\t\t\t<\/div>\n\t\t","protected":false},"excerpt":{"rendered":"<p>A\u010cI\u016a JUMS \u2013 THERMOFLOW EN \u2013 yesokay-shop.com J\u016bs\u0173 u\u017esakymas s\u0117kmingai u\u017eregistruotas! Puiku \u2014 j\u016bs\u0173 u\u017esakymas jau apdorojamas. Liko tik keli \u017eingsniai iki jo patvirtinimo, kad gal\u0117tume prad\u0117ti siuntim\u0105. K\u0105 dabar turite padaryti Atsakykite \u012f patvirtinimo skambut\u012f Vienas i\u0161 m\u016bs\u0173 agent\u0173 susisieks su jumis per artimiausias kelias valandas, kad patvirtint\u0173 j\u016bs\u0173 u\u017esakymo detales. D\u0117mesio: jei neatsakysite [&hellip;]<\/p>\n","protected":false},"author":1,"featured_media":0,"parent":0,"menu_order":0,"comment_status":"closed","ping_status":"closed","template":"elementor_canvas","meta":{"footnotes":""},"class_list":["post-684","page","type-page","status-publish","hentry"],"_links":{"self":[{"href":"https:\/\/stretchtheskies.com\/index.php\/wp-json\/wp\/v2\/pages\/684","targetHints":{"allow":["GET"]}}],"collection":[{"href":"https:\/\/stretchtheskies.com\/index.php\/wp-json\/wp\/v2\/pages"}],"about":[{"href":"https:\/\/stretchtheskies.com\/index.php\/wp-json\/wp\/v2\/types\/page"}],"author":[{"embeddable":true,"href":"https:\/\/stretchtheskies.com\/index.php\/wp-json\/wp\/v2\/users\/1"}],"replies":[{"embeddable":true,"href":"https:\/\/stretchtheskies.com\/index.php\/wp-json\/wp\/v2\/comments?post=684"}],"version-history":[{"count":4,"href":"https:\/\/stretchtheskies.com\/index.php\/wp-json\/wp\/v2\/pages\/684\/revisions"}],"predecessor-version":[{"id":688,"href":"https:\/\/stretchtheskies.com\/index.php\/wp-json\/wp\/v2\/pages\/684\/revisions\/688"}],"wp:attachment":[{"href":"https:\/\/stretchtheskies.com\/index.php\/wp-json\/wp\/v2\/media?parent=684"}],"curies":[{"name":"wp","href":"https:\/\/api.w.org\/{rel}","templated":true}]}}